{"id":367,"date":"2023-07-17T19:21:36","date_gmt":"2023-07-17T17:21:36","guid":{"rendered":"https:\/\/marcomarinho.fr\/?page_id=367"},"modified":"2023-07-21T11:23:59","modified_gmt":"2023-07-21T09:23:59","slug":"cgu","status":"publish","type":"page","link":"https:\/\/marcomarinho.fr\/index.php\/cgu\/","title":{"rendered":"CGU"},"content":{"rendered":"\n<p class=\"has-text-align-center\"><strong>CONDITIONS GENERALES D&rsquo;UTILISATION<\/strong><\/p>\n\n\n\n<p class=\"has-text-align-center\">En vigueur au 30\/07\/2023<\/p>\n\n\n\n<div style=\"height:14px\" aria-hidden=\"true\" class=\"wp-block-spacer\"><\/div>\n\n\n\n<p>Les pr\u00e9sentes conditions g\u00e9n\u00e9rales d&rsquo;utilisation (dites \u00ab CGU \u00bb) ont pour objet l&rsquo;encadrement juridique des modalit\u00e9s de mise \u00e0 disposition du site et des services par marcomarinho et de d\u00e9finir les<br>conditions d\u2019acc\u00e8s et d\u2019utilisation des services par \u00ab l&rsquo;Utilisateur \u00bb.<\/p>\n\n\n\n<p class=\"has-text-align-left\">Les pr\u00e9sentes CGU sont accessibles sur le site \u00e0 la rubrique \u00abCGU\u00bb.<\/p>\n\n\n\n<div style=\"height:12px\" aria-hidden=\"true\" class=\"wp-block-spacer\"><\/div>\n\n\n\n<p class=\"has-text-align-left\"><strong>Article 1 : Les mentions l\u00e9gales<br><\/strong>L\u2019\u00e9dition et la direction de la publication du site <a href=\"https:\/\/marcomarinho.fr\">https:\/\/marcomarinho.fr<\/a> est assur\u00e9e par Marco<br>Marinho, domicili\u00e9 3bis, rue des champs du four, Conflans ste Honorine (78700).<\/p>\n\n\n\n<p>Num\u00e9ro de t\u00e9l\u00e9phone est 06 23 21 45 97<br>Adresse e-mail marco.infos[ at]marcomarinho.fr.<\/p>\n\n\n\n<p>L&rsquo;h\u00e9bergeur du site <a href=\"https:\/\/marcomarinho.fr\">https:\/\/marcomarinho.fr<\/a> est la soci\u00e9t\u00e9 OVH SAS, dont le si\u00e8ge social est situ\u00e9 au 2<br>rue kellermann 59100 Roubaix FRANCE, avec le num\u00e9ro de t\u00e9l\u00e9phone : 1007.<\/p>\n\n\n\n<div style=\"height:10px\" aria-hidden=\"true\" class=\"wp-block-spacer\"><\/div>\n\n\n\n<p><strong>ARTICLE 2 : Acc\u00e8s au site<br><\/strong>Le site <a href=\"https:\/\/marcomarinho.fr\">https:\/\/marcomarinho.fr<\/a> permet \u00e0 l&rsquo;Utilisateur un acc\u00e8s gratuit aux services suivants :<br>&#8211; Consulter la liste de prestations charpentes &amp; toitures propos\u00e9es par la soci\u00e9t\u00e9 \u00ab\u00a0MONSIEUR MARCO MESQUITA MARINHO entrepreneur individuel\u00a0\u00bb.<br>&#8211; Le site <a href=\"https:\/\/marcomarinho.fr\">https:\/\/marcomarinho.fr<\/a> est un support informatif. Il ne permet pas la prise de d\u00e9cision et\/ou l&rsquo;achat de prestations.<br>&#8211; Un formulaire CONTACT permet de nous solliciter pour tout compl\u00e9ment d&rsquo;informations et\/ou pour une<br>demande de devis. Aucune inscription au site n&rsquo;est requise.<\/p>\n\n\n\n<p>Le site est accessible gratuitement en tout lieu \u00e0 tout Utilisateur ayant un acc\u00e8s \u00e0 Internet. Tous les<br>frais support\u00e9s par l&rsquo;Utilisateur pour acc\u00e9der au service (mat\u00e9riel informatique, logiciels, connexion<br>Internet, etc.) sont \u00e0 sa charge.<\/p>\n\n\n\n<div style=\"height:9px\" aria-hidden=\"true\" class=\"wp-block-spacer\"><\/div>\n\n\n\n<p><strong>ARTICLE 3 : Collecte des donn\u00e9es<br><\/strong>Le site assure \u00e0 l&rsquo;Utilisateur une collecte et un traitement d&rsquo;informations personnelles dans le respect<br>de la vie priv\u00e9e conform\u00e9ment \u00e0 la loi n\u00b078-17 du 6 janvier 1978 relative \u00e0 l&rsquo;informatique, aux fichiers<br>et aux libert\u00e9s.<\/p>\n\n\n\n<p>En vertu de la loi Informatique et Libert\u00e9s, en date du 6 janvier 1978, l&rsquo;Utilisateur dispose d&rsquo;un droit<br>d&rsquo;acc\u00e8s, de rectification, de suppression et d&rsquo;opposition de ses donn\u00e9es personnelles. L&rsquo;Utilisateur<br>exerce ce droit :<br>\u00b7 par voie postale : marco marinho, 3bis rue des champs du four, 78700 Conflans ste Honorine ;<br>\u00b7 via le formulaire de contact <a href=\"https:\/\/marcomarinho.fr\/index.php\/contact\/\">Contact (marcomarinho.fr)<\/a>;<\/p>\n\n\n\n<div style=\"height:10px\" aria-hidden=\"true\" class=\"wp-block-spacer\"><\/div>\n\n\n\n<p><strong>ARTICLE 4 : Propri\u00e9t\u00e9 intellectuelle<br><\/strong>Les marques, logos, signes ainsi que tous les contenus du site (textes, images, son\u2026) font l&rsquo;objet<br>d&rsquo;une protection par le Code de la propri\u00e9t\u00e9 intellectuelle et plus particuli\u00e8rement par le droit d&rsquo;auteur.<br>L&rsquo;Utilisateur doit solliciter l&rsquo;autorisation pr\u00e9alable du site pour toute reproduction, publication, copie des<br>diff\u00e9rents contenus. Il s&rsquo;engage \u00e0 une utilisation des contenus du site dans un cadre strictement priv\u00e9,<br>toute utilisation \u00e0 des fins commerciales et publicitaires est strictement interdite.<br>Toute repr\u00e9sentation totale ou partielle de ce site par quelque proc\u00e9d\u00e9 que ce soit, sans l\u2019autorisation<br>expresse de l\u2019exploitant du site Internet constituerait une contrefa\u00e7on sanctionn\u00e9e par l\u2019article L 335-2<br>et suivants du Code de la propri\u00e9t\u00e9 intellectuelle.<br>Il est rappel\u00e9 conform\u00e9ment \u00e0 l\u2019article L122-5 du Code de propri\u00e9t\u00e9 intellectuelle que l\u2019Utilisateur qui<br>reproduit, copie ou publie le contenu prot\u00e9g\u00e9 doit citer l\u2019auteur et sa source.<\/p>\n\n\n\n<div style=\"height:10px\" aria-hidden=\"true\" class=\"wp-block-spacer\"><\/div>\n\n\n\n<p><strong>ARTICLE 5 : Responsabilit\u00e9<br><\/strong>Les sources des informations diffus\u00e9es sur le site <a href=\"https:\/\/marcomarinho.fr\">https:\/\/marcomarinho.fr<\/a> sont r\u00e9put\u00e9es fiables mais le<br>site ne garantit pas qu\u2019il soit exempt de d\u00e9fauts, d\u2019erreurs ou d\u2019omissions.<br>Les informations communiqu\u00e9es sont pr\u00e9sent\u00e9es \u00e0 titre indicatif et g\u00e9n\u00e9ral sans valeur contractuelle.<br>Malgr\u00e9 des mises \u00e0 jour r\u00e9guli\u00e8res, le site <a href=\"https:\/\/marcomarinho.fr\">https:\/\/marcomarinho.fr<\/a> ne peut \u00eatre tenu responsable de la<br>modification des dispositions administratives et juridiques survenant apr\u00e8s la publication. De m\u00eame, le<br>site ne peut \u00eatre tenue responsable de l\u2019utilisation et de l\u2019interpr\u00e9tation de l\u2019information contenue dans<br>ce site.<br>Le site <a href=\"https:\/\/marcomarinho.fr\">https:\/\/marcomarinho.fr<\/a> ne peut \u00eatre tenu pour responsable d\u2019\u00e9ventuels virus qui pourraient<br>infecter l\u2019ordinateur ou tout mat\u00e9riel informatique de l\u2019Internaute, suite \u00e0 une utilisation, \u00e0 l\u2019acc\u00e8s, ou<br>au t\u00e9l\u00e9chargement provenant de ce site.<br>La responsabilit\u00e9 du site ne peut \u00eatre engag\u00e9e en cas de force majeure ou du fait impr\u00e9visible et<br>insurmontable d&rsquo;un tiers.<\/p>\n\n\n\n<div style=\"height:13px\" aria-hidden=\"true\" class=\"wp-block-spacer\"><\/div>\n\n\n\n<p><strong>ARTICLE 6 : Liens hypertextes<br><\/strong>Des liens hypertextes (hors domaine marcomarinho.fr) peuvent \u00eatre pr\u00e9sents sur le site. L\u2019Utilisateur est inform\u00e9 qu\u2019en cliquant sur ces liens, il sortira du site <a href=\"https:\/\/marcomarinho.fr\">https:\/\/marcomarinho.fr<\/a>. Ce dernier n\u2019a pas de contr\u00f4le sur les pages web sur lesquelles aboutissent ces liens et ne saurait, en aucun cas, \u00eatre responsable de leur contenu.<\/p>\n\n\n\n<div style=\"height:12px\" aria-hidden=\"true\" class=\"wp-block-spacer\"><\/div>\n\n\n\n<p>ARTICLE 7 : Cookies<br>L\u2019Utilisateur est inform\u00e9 que lors de ses visites sur le site, un cookie peut s\u2019installer automatiquement<br>sur son logiciel de navigation.<br>Les cookies sont de petits fichiers stock\u00e9s temporairement sur le disque dur de l\u2019ordinateur de<br>l\u2019Utilisateur par votre navigateur et qui sont n\u00e9cessaires \u00e0 l\u2019utilisation du site <a href=\"https:\/\/marcomarinho.fr\">https:\/\/marcomarinho.fr<\/a>.<br>Les cookies ne contiennent pas d\u2019information personnelle et ne peuvent pas \u00eatre utilis\u00e9s pour identifier<br>quelqu\u2019un. Un cookie contient un identifiant unique, g\u00e9n\u00e9r\u00e9 al\u00e9atoirement et donc anonyme. Certains<br>cookies expirent \u00e0 la fin de la visite de l\u2019Utilisateur, d\u2019autres restent.<br>L\u2019information contenue dans les cookies est utilis\u00e9e pour am\u00e9liorer le site <a href=\"https:\/\/marcomarinho.fr\">https:\/\/marcomarinho.fr<\/a>.<br>En naviguant sur le site, L\u2019Utilisateur les accepte.<br>L\u2019Utilisateur pourra d\u00e9sactiver ces cookies par l\u2019interm\u00e9diaire des param\u00e8tres figurant au sein de son<br>logiciel de navigation.<\/p>\n\n\n\n<div style=\"height:13px\" aria-hidden=\"true\" class=\"wp-block-spacer\"><\/div>\n\n\n\n<p><strong>ARTICLE 8 : Droit applicable et juridiction comp\u00e9tente<br><\/strong>La l\u00e9gislation fran\u00e7aise s&rsquo;applique au pr\u00e9sent contrat. En cas d&rsquo;absence de r\u00e9solution amiable d&rsquo;un<br>litige n\u00e9 entre les parties, les tribunaux fran\u00e7ais seront seuls comp\u00e9tents pour en conna\u00eetre.<br>Pour toute question relative \u00e0 l\u2019application des pr\u00e9sentes CGU, vous pouvez joindre l\u2019\u00e9diteur aux<br>coordonn\u00e9es inscrites \u00e0 l\u2019ARTICLE 1.<\/p>\n","protected":false},"excerpt":{"rendered":"<p>CONDITIONS GENERALES D&rsquo;UTILISATION En vigueur au 30\/07\/2023 Les pr\u00e9sentes conditions g\u00e9n\u00e9rales d&rsquo;utilisation (dites \u00ab CGU \u00bb) ont pour objet l&rsquo;encadrement juridique des modalit\u00e9s de mise \u00e0 disposition du site et des services par marcomarinho et de d\u00e9finir lesconditions d\u2019acc\u00e8s et d\u2019utilisation des services par \u00ab l&rsquo;Utilisateur \u00bb. Les pr\u00e9sentes CGU sont accessibles sur le site &hellip; <\/p>\n<p class=\"link-more\"><a href=\"https:\/\/marcomarinho.fr\/index.php\/cgu\/\" class=\"more-link\">Continue reading<span class=\"screen-reader-text\"> \u00ab\u00a0CGU\u00a0\u00bb<\/span><\/a><\/p>\n","protected":false},"author":1,"featured_media":0,"parent":0,"menu_order":0,"comment_status":"closed","ping_status":"closed","template":"","meta":{"footnotes":""},"class_list":["post-367","page","type-page","status-publish","hentry"],"_links":{"self":[{"href":"https:\/\/marcomarinho.fr\/index.php\/wp-json\/wp\/v2\/pages\/367","targetHints":{"allow":["GET"]}}],"collection":[{"href":"https:\/\/marcomarinho.fr\/index.php\/wp-json\/wp\/v2\/pages"}],"about":[{"href":"https:\/\/marcomarinho.fr\/index.php\/wp-json\/wp\/v2\/types\/page"}],"author":[{"embeddable":true,"href":"https:\/\/marcomarinho.fr\/index.php\/wp-json\/wp\/v2\/users\/1"}],"replies":[{"embeddable":true,"href":"https:\/\/marcomarinho.fr\/index.php\/wp-json\/wp\/v2\/comments?post=367"}],"version-history":[{"count":0,"href":"https:\/\/marcomarinho.fr\/index.php\/wp-json\/wp\/v2\/pages\/367\/revisions"}],"wp:attachment":[{"href":"https:\/\/marcomarinho.fr\/index.php\/wp-json\/wp\/v2\/media?parent=367"}],"curies":[{"name":"wp","href":"https:\/\/api.w.org\/{rel}","templated":true}]}}