{"id":359,"date":"2023-07-17T18:43:11","date_gmt":"2023-07-17T16:43:11","guid":{"rendered":"https:\/\/marcomarinho.fr\/?page_id=359"},"modified":"2023-07-21T11:27:50","modified_gmt":"2023-07-21T09:27:50","slug":"mentions-legales","status":"publish","type":"page","link":"https:\/\/marcomarinho.fr\/index.php\/mentions-legales\/","title":{"rendered":"Mentions l\u00e9gales"},"content":{"rendered":"\n<p>Conform\u00e9ment aux dispositions des Articles 6-III et 19 de la Loi n\u00b02004-575 du 21 juin 2004 pour la confiance dans l\u2019\u00e9conomie num\u00e9rique, dite L.C.E.N., il est port\u00e9 \u00e0 la connaissance des utilisateurs et visiteurs du site marcomarinho.fr les pr\u00e9sentes mentions l\u00e9gales.<\/p>\n\n\n\n<p>La connexion et la navigation sur le Site par l\u2019Utilisateur implique acceptation int\u00e9grale et sans r\u00e9serve<br>des pr\u00e9sentes mentions l\u00e9gales.<\/p>\n\n\n\n<div style=\"height:14px\" aria-hidden=\"true\" class=\"wp-block-spacer\"><\/div>\n\n\n\n<p><strong>ARTICLE 1 &#8211; L&rsquo;EDITEUR<\/strong><br>Le pr\u00e9sent site est accessible \u00e0 l\u2019URL <a rel=\"noreferrer noopener\" href=\"https:\/\/marcomarinho.fr\/\" target=\"_blank\">https:\/\/marcomarinho.fr\/<\/a><\/p>\n\n\n\n<p>L\u2019\u00e9dition et la direction de la publication du Site est assur\u00e9e par Marco Marinho, domicili\u00e9e 3 bis rue<br>des champs du four, 78700 Conflans Ste Honorine, dont le num\u00e9ro de t\u00e9l\u00e9phone est 06 23 21 45 97, et<br>l&rsquo;adresse e-mail infoslegales[ at]marcomarinho.fr.<\/p>\n\n\n\n<div style=\"height:12px\" aria-hidden=\"true\" class=\"wp-block-spacer\"><\/div>\n\n\n\n<p><strong>ARTICLE 2 &#8211; L&rsquo;HEBERGEUR<\/strong><br>L&rsquo;h\u00e9bergeur du Site est la soci\u00e9t\u00e9 OVH SAS, dont le si\u00e8ge social est situ\u00e9 au 2 rue kellermann 59100<br>Roubaix FRANCE  (contact t\u00e9l\u00e9phonique ou email : 1007).<\/p>\n\n\n\n<div style=\"height:12px\" aria-hidden=\"true\" class=\"wp-block-spacer\"><\/div>\n\n\n\n<p><strong>ARTICLE 3 &#8211; ACCES AU SITE<\/strong><br>Le Site est accessible en tout endroit, 7j\/7, 24h\/24 sauf cas de force majeure, interruption programm\u00e9e ou non et pouvant d\u00e9coulant d\u2019une n\u00e9cessit\u00e9 de maintenance. En cas de modification, interruption ou suspension du Site, l&rsquo;Editeur ne saurait \u00eatre tenu responsable.<\/p>\n\n\n\n<div style=\"height:10px\" aria-hidden=\"true\" class=\"wp-block-spacer\"><\/div>\n\n\n\n<p><strong>ARTICLE 4 &#8211; PROPRIETAIRE<\/strong><br>MONSIEUR MARCO MESQUITA MARINHO<br>entrepreneur individuel<br>Localis\u00e9e \u00e0 3bis rue des champs du four, 78700 CONFLANS-SAINTE-HONORINE,<br>sp\u00e9cialis\u00e9e dans le secteur d&rsquo;activit\u00e9 des travaux de couverture par \u00e9l\u00e9ments<br>SIRET 948 922 430 00012 \/ N\u00b0 TVA : FR50948922430<br>T\u00e9l\u00e9phone : 06 23 21 45 97<\/p>\n\n\n\n<div style=\"height:10px\" aria-hidden=\"true\" class=\"wp-block-spacer\"><\/div>\n\n\n\n<p><strong>ARTICLE 5 &#8211; PROPRIETE INTELLECTUELLE<\/strong><br>Tous les \u00e9l\u00e9ments, notamment les textes, images, photographies, illustrations, mis en ligne sur le site marcomarinho.fr sont la propri\u00e9t\u00e9 de la soci\u00e9t\u00e9 MONSIEUR MARCO MESQUITA MARINHO ; pour tout compl\u00e9ment d\u2019information, vous pouvez adresser votre demande par le formulaire de contact du site et\/ou par courrier \u00e0 marcomarinho &#8211; 3bis rue des champs du four, 78700 CONFLANS-SAINTE-HONORINE.<\/p>\n\n\n\n<div style=\"height:11px\" aria-hidden=\"true\" class=\"wp-block-spacer\"><\/div>\n\n\n\n<p><strong>ARTICLE 6 &#8211; COLLECTE DES DONNEES<\/strong><br><\/p>\n\n\n\n<p>Conform\u00e9ment \u00e0 l\u2019article 34 de la loi Informatique et Libert\u00e9s n\u00b0 78-17 du 6 janvier 1978, MONSIEUR MARCO MESQUITA MARINHO vous rappelle que vous disposez \u00e0 tout moment d\u2019un droit d\u2019acc\u00e8s, de rectification et de suppression des donn\u00e9es nominatives vous concernant (exclusivement enregistr\u00e9es lors de l\u2019envoi du formulaire de contact). Pour exercer ce droit, vous pouvez adresser la demande par le formulaire du site et\/ou par courrier \u00e0 Tous les \u00e9l\u00e9ments, notamment les textes, images, photographies, illustrations, mis en ligne sur le site marcomarinho.fr sont la propri\u00e9t\u00e9 de la soci\u00e9t\u00e9 MONSIEUR MARCO MESQUITA MARINHO ; pour tout compl\u00e9ment d\u2019information, vous pouvez adresser votre demande par le formulaire de contact du site et\/ou par courrier \u00e0 marcomarinho &#8211; 3bis rue des champs du four, 78700 CONFLANS-SAINTE-HONORINE.<\/p>\n\n\n\n<div style=\"height:13px\" aria-hidden=\"true\" class=\"wp-block-spacer\"><\/div>\n","protected":false},"excerpt":{"rendered":"<p>Conform\u00e9ment aux dispositions des Articles 6-III et 19 de la Loi n\u00b02004-575 du 21 juin 2004 pour la confiance dans l\u2019\u00e9conomie num\u00e9rique, dite L.C.E.N., il est port\u00e9 \u00e0 la connaissance des utilisateurs et visiteurs du site marcomarinho.fr les pr\u00e9sentes mentions l\u00e9gales. La connexion et la navigation sur le Site par l\u2019Utilisateur implique acceptation int\u00e9grale et &hellip; <\/p>\n<p class=\"link-more\"><a href=\"https:\/\/marcomarinho.fr\/index.php\/mentions-legales\/\" class=\"more-link\">Continue reading<span class=\"screen-reader-text\"> \u00ab\u00a0Mentions l\u00e9gales\u00a0\u00bb<\/span><\/a><\/p>\n","protected":false},"author":1,"featured_media":0,"parent":0,"menu_order":0,"comment_status":"closed","ping_status":"closed","template":"","meta":{"footnotes":""},"class_list":["post-359","page","type-page","status-publish","hentry"],"_links":{"self":[{"href":"https:\/\/marcomarinho.fr\/index.php\/wp-json\/wp\/v2\/pages\/359","targetHints":{"allow":["GET"]}}],"collection":[{"href":"https:\/\/marcomarinho.fr\/index.php\/wp-json\/wp\/v2\/pages"}],"about":[{"href":"https:\/\/marcomarinho.fr\/index.php\/wp-json\/wp\/v2\/types\/page"}],"author":[{"embeddable":true,"href":"https:\/\/marcomarinho.fr\/index.php\/wp-json\/wp\/v2\/users\/1"}],"replies":[{"embeddable":true,"href":"https:\/\/marcomarinho.fr\/index.php\/wp-json\/wp\/v2\/comments?post=359"}],"version-history":[{"count":0,"href":"https:\/\/marcomarinho.fr\/index.php\/wp-json\/wp\/v2\/pages\/359\/revisions"}],"wp:attachment":[{"href":"https:\/\/marcomarinho.fr\/index.php\/wp-json\/wp\/v2\/media?parent=359"}],"curies":[{"name":"wp","href":"https:\/\/api.w.org\/{rel}","templated":true}]}}